{"id":5146,"date":"2026-02-20T18:36:03","date_gmt":"2026-02-20T18:36:03","guid":{"rendered":"https:\/\/www.vroomiz.fr\/nous-rejoindre\/index.php\/accueil-vroomiz\/"},"modified":"2026-02-20T18:36:03","modified_gmt":"2026-02-20T18:36:03","slug":"accueil-vroomiz","status":"publish","type":"page","link":"https:\/\/www.vroomiz.fr\/nous-rejoindre\/","title":{"rendered":"Accueil Vroomiz"},"content":{"rendered":"\t\t<div data-elementor-type=\"wp-page\" data-elementor-id=\"5146\" class=\"elementor elementor-5146\">\n\t\t\t\t<div class=\"elementor-element elementor-element-ee114c99-64d5-482b-8187-f0f3723affa5 e-con-full e-flex e-con e-parent\" data-id=\"ee114c99-64d5-482b-8187-f0f3723affa5\" data-element_type=\"container\">\n\t\t\t\t<div class=\"elementor-element elementor-element-4b3a0d4b-6bc1-4501-98af-6cd0258b4b59 elementor-widget elementor-widget-vroomiz-hero\" data-id=\"4b3a0d4b-6bc1-4501-98af-6cd0258b4b59\" data-element_type=\"widget\" data-widget_type=\"vroomiz-hero.default\">\n\t\t\t\t<div class=\"elementor-widget-container\">\n\t\t\t\t\t        <section class=\"vroomiz-hero\" id=\"contactForm\">\n            <div class=\"container\">\n                <div class=\"vroomiz-hero-wrapper\">\n                    <div class=\"vroomiz-hero-content\">\n                        <h1 class=\"vroomiz-hero-title\">\n                            D\u00e9veloppez votre activit\u00e9 avec le r\u00e9seau Vroomiz                        <\/h1>\n                        <p class=\"vroomiz-hero-subtitle\">\n                            Rejoignez le r\u00e9seau national qui aide d\u00e9j\u00e0 +500 professionnels auto ind\u00e9pendants \u00e0 gagner en visibilit\u00e9, cr\u00e9dibilit\u00e9 et performance.                        <\/p>\n                                                <div class=\"vroomiz-hero-badges\">\n                                                        <span class=\"vroomiz-hero-badge\">\n                                <span class=\"vroomiz-hero-badge-icon\" aria-hidden=\"true\">\u2713<\/span>\n                                <span class=\"vroomiz-hero-badge-text\">+3000 leads\/mois<\/span>\n                            <\/span>\n                                                        <span class=\"vroomiz-hero-badge\">\n                                <span class=\"vroomiz-hero-badge-icon\" aria-hidden=\"true\">\u2713<\/span>\n                                <span class=\"vroomiz-hero-badge-text\">Redevance imbattable<\/span>\n                            <\/span>\n                                                        <span class=\"vroomiz-hero-badge\">\n                                <span class=\"vroomiz-hero-badge-icon\" aria-hidden=\"true\">\u2713<\/span>\n                                <span class=\"vroomiz-hero-badge-text\">100% ind\u00e9pendant<\/span>\n                            <\/span>\n                                                    <\/div>\n                                            <\/div>\n                    <div class=\"vroomiz-hero-form\">\n                                                    <div class=\"vroomiz-hero-form-wrapper\">\n                                \n<div class=\"wpcf7 no-js\" id=\"wpcf7-f5063-o1\" lang=\"fr-FR\" dir=\"ltr\" data-wpcf7-id=\"5063\">\n<div class=\"screen-reader-response\"><p role=\"status\" aria-live=\"polite\" aria-atomic=\"true\"><\/p> <ul><\/ul><\/div>\n<form action=\"\/nous-rejoindre\/index.php\/wp-json\/wp\/v2\/pages\/5146#wpcf7-f5063-o1\" method=\"post\" class=\"wpcf7-form init\" aria-label=\"Formulaire de contact\" novalidate=\"novalidate\" data-status=\"init\">\n<fieldset class=\"hidden-fields-container\"><input type=\"hidden\" name=\"_wpcf7\" value=\"5063\" \/><input type=\"hidden\" name=\"_wpcf7_version\" value=\"6.1.4\" \/><input type=\"hidden\" name=\"_wpcf7_locale\" value=\"fr_FR\" \/><input type=\"hidden\" name=\"_wpcf7_unit_tag\" value=\"wpcf7-f5063-o1\" \/><input type=\"hidden\" name=\"_wpcf7_container_post\" value=\"0\" \/><input type=\"hidden\" name=\"_wpcf7_posted_data_hash\" value=\"\" \/>\n<\/fieldset>\n<p><label>Nom complet<br \/>\n<span class=\"wpcf7-form-control-wrap\" data-name=\"your-name\"><input size=\"40\" maxlength=\"400\" class=\"wpcf7-form-control wpcf7-text wpcf7-validates-as-required\" aria-required=\"true\" aria-invalid=\"false\" placeholder=\"Votre nom complet\" value=\"\" type=\"text\" name=\"your-name\" \/><\/span><\/label>\n<\/p>\n<p><label>Email professionnel<br \/>\n<span class=\"wpcf7-form-control-wrap\" data-name=\"your-email\"><input size=\"40\" maxlength=\"400\" class=\"wpcf7-form-control wpcf7-email wpcf7-validates-as-required wpcf7-text wpcf7-validates-as-email\" aria-required=\"true\" aria-invalid=\"false\" placeholder=\"votre@email.com\" value=\"\" type=\"email\" name=\"your-email\" \/><\/span><\/label>\n<\/p>\n<p><label>T\u00e9l\u00e9phone<br \/>\n<span class=\"wpcf7-form-control-wrap\" data-name=\"your-phone\"><input size=\"40\" maxlength=\"400\" class=\"wpcf7-form-control wpcf7-tel wpcf7-validates-as-required wpcf7-text wpcf7-validates-as-tel\" aria-required=\"true\" aria-invalid=\"false\" placeholder=\"+33 6 12 34 56 78\" value=\"\" type=\"tel\" name=\"your-phone\" \/><\/span><\/label>\n<\/p>\n<p><label>Soci\u00e9t\u00e9<br \/>\n<span class=\"wpcf7-form-control-wrap\" data-name=\"your-company\"><input size=\"40\" maxlength=\"400\" class=\"wpcf7-form-control wpcf7-text wpcf7-validates-as-required\" aria-required=\"true\" aria-invalid=\"false\" placeholder=\"Nom de votre soci\u00e9t\u00e9\" value=\"\" type=\"text\" name=\"your-company\" \/><\/span><\/label>\n<\/p>\n<p><label>Type d'activit\u00e9<br \/>\n<span class=\"wpcf7-form-control-wrap\" data-name=\"your-activity\"><select class=\"wpcf7-form-control wpcf7-select wpcf7-validates-as-required\" aria-required=\"true\" aria-invalid=\"false\" name=\"your-activity\"><option value=\"Concessionnaire\">Concessionnaire<\/option><option value=\"Garage\">Garage<\/option><option value=\"Mandataire\">Mandataire<\/option><option value=\"Courtier\">Courtier<\/option><option value=\"Autre\">Autre<\/option><\/select><\/span><\/label>\n<\/p>\n<p><label>Comment avez-vous connu Vroomiz ?<br \/>\n<span class=\"wpcf7-form-control-wrap\" data-name=\"your-source\"><select class=\"wpcf7-form-control wpcf7-select wpcf7-validates-as-required\" aria-required=\"true\" aria-invalid=\"false\" name=\"your-source\"><option value=\"Publicit\u00e9 Facebook \/ Instagram\">Publicit\u00e9 Facebook \/ Instagram<\/option><option value=\"Publicit\u00e9 Google\">Publicit\u00e9 Google<\/option><option value=\"Recommandation \/ bouche-\u00e0-oreille\">Recommandation \/ bouche-\u00e0-oreille<\/option><option value=\"Autre (pr\u00e9ciser)\">Autre (pr\u00e9ciser)<\/option><\/select><\/span><\/label>\n<\/p>\n<div class=\"vroomiz-source-other-wrap\" style=\"display:none;\">\n\t<p><label>Pr\u00e9cisez<br \/>\n<span class=\"wpcf7-form-control-wrap\" data-name=\"your-source-other\"><input size=\"40\" maxlength=\"400\" class=\"wpcf7-form-control wpcf7-text\" aria-invalid=\"false\" placeholder=\"Pr\u00e9cisez comment vous nous avez connu\" value=\"\" type=\"text\" name=\"your-source-other\" \/><\/span><\/label>\n\t<\/p>\n<\/div>\n<p><label>Message<br \/>\n<span class=\"wpcf7-form-control-wrap\" data-name=\"your-message\"><textarea cols=\"40\" rows=\"10\" maxlength=\"2000\" class=\"wpcf7-form-control wpcf7-textarea\" aria-invalid=\"false\" placeholder=\"Votre message (optionnel)\" name=\"your-message\"><\/textarea><\/span><\/label>\n<\/p>\n<p><input class=\"wpcf7-form-control wpcf7-submit has-spinner\" type=\"submit\" value=\"Envoyer ma demande\" \/><br \/>\n<div id=\"cf7sr-v3-69e4947ae4e67\"><input type=\"hidden\" name=\"cf7sr-v3-token\" value=\"\"><\/div>\n<\/p><div class=\"wpcf7-response-output\" aria-hidden=\"true\"><\/div>\n<\/form>\n<\/div>\n                            <\/div>\n                                            <\/div>\n                <\/div>\n            <\/div>\n        <\/section>\n        \t\t\t\t<\/div>\n\t\t\t\t<\/div>\n\t\t\t\t<\/div>\n\t\t<div class=\"elementor-element elementor-element-30fd5b28-6448-42d6-ba1c-7837868f34a5 e-con-full e-flex e-con e-parent\" data-id=\"30fd5b28-6448-42d6-ba1c-7837868f34a5\" data-element_type=\"container\">\n\t\t\t\t<div class=\"elementor-element elementor-element-f215dea8-c7ed-43c5-b07f-e703c3059ab8 elementor-widget elementor-widget-vroomiz-reassurance\" data-id=\"f215dea8-c7ed-43c5-b07f-e703c3059ab8\" data-element_type=\"widget\" data-widget_type=\"vroomiz-reassurance.default\">\n\t\t\t\t<div class=\"elementor-widget-container\">\n\t\t\t\t\t        <section class=\"vroomiz-reassurance\">\n            <div class=\"container\">\n                <div class=\"vroomiz-reassurance-grid\">\n                                        <div class=\"vroomiz-reassurance-item\">\n                        <div class=\"vroomiz-reassurance-number\" \n                             data-target=\"500\"\n                             data-prefix=\"\"\n                             data-suffix=\"+\">\n                            500+                        <\/div>\n                        <div class=\"vroomiz-reassurance-text\">Professionnels<\/div>\n                    <\/div>\n                                        <div class=\"vroomiz-reassurance-item\">\n                        <div class=\"vroomiz-reassurance-number\" \n                             data-target=\"95\"\n                             data-prefix=\"\"\n                             data-suffix=\"%\">\n                            95%                        <\/div>\n                        <div class=\"vroomiz-reassurance-text\">Recommandent Vroomiz<\/div>\n                    <\/div>\n                                        <div class=\"vroomiz-reassurance-item\">\n                        <div class=\"vroomiz-reassurance-number\" \n                             data-target=\"3000\"\n                             data-prefix=\"\"\n                             data-suffix=\"+\">\n                            3000+                        <\/div>\n                        <div class=\"vroomiz-reassurance-text\">Leads\/mois<\/div>\n                    <\/div>\n                                    <\/div>\n            <\/div>\n        <\/section>\n        \t\t\t\t<\/div>\n\t\t\t\t<\/div>\n\t\t\t\t<\/div>\n\t\t<div class=\"elementor-element elementor-element-730e2bc3-eca4-4831-96ce-f86cfbc4ee80 e-con-full e-flex e-con e-parent\" data-id=\"730e2bc3-eca4-4831-96ce-f86cfbc4ee80\" data-element_type=\"container\">\n\t\t\t\t<div class=\"elementor-element elementor-element-70e421ff-c0a3-43db-ab89-1bc8ad0aded6 elementor-widget elementor-widget-vroomiz-features\" data-id=\"70e421ff-c0a3-43db-ab89-1bc8ad0aded6\" data-element_type=\"widget\" data-widget_type=\"vroomiz-features.default\">\n\t\t\t\t<div class=\"elementor-widget-container\">\n\t\t\t\t\t        <section class=\"vroomiz-features\">\n            <div class=\"container\">\n                                <h2 class=\"vroomiz-features-tagline\">Vroomiz : la puissance d&#039;un r\u00e9seau,<br class=\"vroomiz-tagline-br-desktop\">la libert\u00e9<br class=\"vroomiz-tagline-br-mobile\"> d&#039;un ind\u00e9pendant<\/h2>\n                                <div class=\"vroomiz-features-grid\">\n                                        <div class=\"vroomiz-feature-card\">\n                        <div class=\"vroomiz-feature-icon-wrapper\" style=\"background-color: #FFE5E5\">\n                            <div class=\"vroomiz-feature-icon\">\ud83d\udcf1<\/div>\n                        <\/div>\n                        <div style=\"padding-right: 60px;\">\n                            <h3 class=\"vroomiz-feature-title\">Multidiffusion d&#039;annonces<\/h3>\n                            <p class=\"vroomiz-feature-description\">Plus de visibilit\u00e9, sans multiplier les plateformes<\/p>\n                        <\/div>\n                    <\/div>\n                                        <div class=\"vroomiz-feature-card\">\n                        <div class=\"vroomiz-feature-icon-wrapper\" style=\"background-color: #FFF4E5\">\n                            <div class=\"vroomiz-feature-icon\">\ud83d\udcb0<\/div>\n                        <\/div>\n                        <div style=\"padding-right: 60px;\">\n                            <h3 class=\"vroomiz-feature-title\">Garanties &amp; financement<\/h3>\n                            <p class=\"vroomiz-feature-description\">Solutions de financement pour vos clients<\/p>\n                        <\/div>\n                    <\/div>\n                                        <div class=\"vroomiz-feature-card\">\n                        <div class=\"vroomiz-feature-icon-wrapper\" style=\"background-color: #E5F5E5\">\n                            <div class=\"vroomiz-feature-icon\">\ud83d\udd04<\/div>\n                        <\/div>\n                        <div style=\"padding-right: 60px;\">\n                            <h3 class=\"vroomiz-feature-title\">Reprise facilit\u00e9e<\/h3>\n                            <p class=\"vroomiz-feature-description\">Augmentez vos chances de conclure plus vite<\/p>\n                        <\/div>\n                    <\/div>\n                                        <div class=\"vroomiz-feature-card\">\n                        <div class=\"vroomiz-feature-icon-wrapper\" style=\"background-color: #E5E5FF\">\n                            <div class=\"vroomiz-feature-icon\">\ud83d\udcca<\/div>\n                        <\/div>\n                        <div style=\"padding-right: 60px;\">\n                            <h3 class=\"vroomiz-feature-title\">Gestion simplifi\u00e9e<\/h3>\n                            <p class=\"vroomiz-feature-description\">Outils de gestion tout-en-un<\/p>\n                        <\/div>\n                    <\/div>\n                                        <div class=\"vroomiz-feature-card\">\n                        <div class=\"vroomiz-feature-icon-wrapper\" style=\"background-color: #E5F0FF\">\n                            <div class=\"vroomiz-feature-icon\">\ud83d\udc64<\/div>\n                        <\/div>\n                        <div style=\"padding-right: 60px;\">\n                            <h3 class=\"vroomiz-feature-title\">Conseiller d\u00e9di\u00e9<\/h3>\n                            <p class=\"vroomiz-feature-description\">Un interlocuteur unique, qui conna\u00eet votre m\u00e9tier<\/p>\n                        <\/div>\n                    <\/div>\n                                        <div class=\"vroomiz-feature-card\">\n                        <div class=\"vroomiz-feature-icon-wrapper\" style=\"background-color: #FFE5E5\">\n                            <div class=\"vroomiz-feature-icon\">\u2696\ufe0f<\/div>\n                        <\/div>\n                        <div style=\"padding-right: 60px;\">\n                            <h3 class=\"vroomiz-feature-title\">M\u00e9diation &amp; cadre l\u00e9gal<\/h3>\n                            <p class=\"vroomiz-feature-description\">S\u00e9curisez vos ventes et votre image<\/p>\n                        <\/div>\n                    <\/div>\n                                    <\/div>\n            <\/div>\n        <\/section>\n        \t\t\t\t<\/div>\n\t\t\t\t<\/div>\n\t\t\t\t<\/div>\n\t\t<div class=\"elementor-element elementor-element-735fb38e-14bd-4816-9aaa-a62f4547f489 e-con-full e-flex e-con e-parent\" data-id=\"735fb38e-14bd-4816-9aaa-a62f4547f489\" data-element_type=\"container\">\n\t\t\t\t<div class=\"elementor-element elementor-element-7b995458-7443-417c-b3d5-5127ec420f1f elementor-widget elementor-widget-vroomiz-benefits\" data-id=\"7b995458-7443-417c-b3d5-5127ec420f1f\" data-element_type=\"widget\" data-widget_type=\"vroomiz-benefits.default\">\n\t\t\t\t<div class=\"elementor-widget-container\">\n\t\t\t\t\t        <section class=\"vroomiz-benefits\">\n            <div class=\"container\">\n                <h2 class=\"vroomiz-section-title\">Des b\u00e9n\u00e9fices imm\u00e9diats et mesurables<\/h2>\n                <div class=\"vroomiz-benefits-list\">\n                                        <div class=\"vroomiz-benefit-item\">\n                        <span class=\"vroomiz-benefit-icon\">\ud83d\udcc8<\/span>\n                        <span class=\"vroomiz-benefit-text\">Plus de contacts qualifi\u00e9s<\/span>\n                    <\/div>\n                                        <div class=\"vroomiz-benefit-item\">\n                        <span class=\"vroomiz-benefit-icon\">\ud83e\udd1d<\/span>\n                        <span class=\"vroomiz-benefit-text\">Plus de confiance c\u00f4t\u00e9 acheteurs<\/span>\n                    <\/div>\n                                        <div class=\"vroomiz-benefit-item\">\n                        <span class=\"vroomiz-benefit-icon\">\u23f1<\/span>\n                        <span class=\"vroomiz-benefit-text\">Moins de temps perdu au quotidien<\/span>\n                    <\/div>\n                                        <div class=\"vroomiz-benefit-item\">\n                        <span class=\"vroomiz-benefit-icon\">\ud83d\udcb0<\/span>\n                        <span class=\"vroomiz-benefit-text\">Meilleure rentabilit\u00e9 par vente<\/span>\n                    <\/div>\n                                        <div class=\"vroomiz-benefit-item\">\n                        <span class=\"vroomiz-benefit-icon\">\ud83e\udde0<\/span>\n                        <span class=\"vroomiz-benefit-text\">Un accompagnement pens\u00e9 pour les pros auto<\/span>\n                    <\/div>\n                                    <\/div>\n            <\/div>\n        <\/section>\n        \t\t\t\t<\/div>\n\t\t\t\t<\/div>\n\t\t\t\t<\/div>\n\t\t<div class=\"elementor-element elementor-element-fd346bf7-55ec-45ba-9ab6-8dc090ccbee0 e-con-full e-flex e-con e-parent\" data-id=\"fd346bf7-55ec-45ba-9ab6-8dc090ccbee0\" data-element_type=\"container\">\n\t\t\t\t<div class=\"elementor-element elementor-element-9ab5393e-b6f8-4319-9569-5eb675ef846f elementor-widget elementor-widget-vroomiz-reviews\" data-id=\"9ab5393e-b6f8-4319-9569-5eb675ef846f\" data-element_type=\"widget\" data-widget_type=\"vroomiz-reviews.default\">\n\t\t\t\t<div class=\"elementor-widget-container\">\n\t\t\t\t\t        <section class=\"vroomiz-reviews\">\n            <div class=\"container\">\n                <h2 class=\"vroomiz-section-title\">Ils nous font confiance !<\/h2>\n                <div class=\"vroomiz-reviews-grid\">\n                                        <div class=\"vroomiz-review-card\">\n                        <div class=\"vroomiz-review-quote\">\"<\/div>\n                        <p class=\"vroomiz-review-text\">Vroomiz a transform\u00e9 mon activit\u00e9. Je re\u00e7ois maintenant des leads qualifi\u00e9s r\u00e9guli\u00e8rement et ma visibilit\u00e9 a consid\u00e9rablement augment\u00e9.<\/p>\n                        <div class=\"vroomiz-review-author\">\n                            <div class=\"vroomiz-review-author-name\">Marc D.<\/div>\n                            <div class=\"vroomiz-review-stars\">\u2605\u2605\u2605\u2605\u2605<\/div>\n                            <div class=\"vroomiz-review-author-role\">Concessionnaire ind\u00e9pendant<\/div>\n                        <\/div>\n                    <\/div>\n                                        <div class=\"vroomiz-review-card\">\n                        <div class=\"vroomiz-review-quote\">\"<\/div>\n                        <p class=\"vroomiz-review-text\">Enfin un r\u00e9seau qui comprend les besoins des ind\u00e9pendants ! La redevance est vraiment comp\u00e9titive et les outils de gestion sont intuitifs.<\/p>\n                        <div class=\"vroomiz-review-author\">\n                            <div class=\"vroomiz-review-author-name\">Sophie L.<\/div>\n                            <div class=\"vroomiz-review-stars\">\u2605\u2605\u2605\u2605\u2605<\/div>\n                            <div class=\"vroomiz-review-author-role\">Professionnelle auto<\/div>\n                        <\/div>\n                    <\/div>\n                                        <div class=\"vroomiz-review-card\">\n                        <div class=\"vroomiz-review-quote\">\"<\/div>\n                        <p class=\"vroomiz-review-text\">Depuis que j&#039;ai rejoint Vroomiz, mes ventes ont augment\u00e9 de 40%. Le conseiller d\u00e9di\u00e9 m&#039;aide vraiment au quotidien.<\/p>\n                        <div class=\"vroomiz-review-author\">\n                            <div class=\"vroomiz-review-author-name\">Thomas R.<\/div>\n                            <div class=\"vroomiz-review-stars\">\u2605\u2605\u2605\u2605\u2605<\/div>\n                            <div class=\"vroomiz-review-author-role\">Vendeur automobile<\/div>\n                        <\/div>\n                    <\/div>\n                                    <\/div>\n            <\/div>\n        <\/section>\n        \t\t\t\t<\/div>\n\t\t\t\t<\/div>\n\t\t\t\t<\/div>\n\t\t<div class=\"elementor-element elementor-element-3e21f545-81b7-4274-8e8d-0e0f0edc1b95 e-con-full e-flex e-con e-parent\" data-id=\"3e21f545-81b7-4274-8e8d-0e0f0edc1b95\" data-element_type=\"container\">\n\t\t\t\t<div class=\"elementor-element elementor-element-1d703883-de34-43c0-a776-1e82096f2f12 elementor-widget elementor-widget-vroomiz-cta\" data-id=\"1d703883-de34-43c0-a776-1e82096f2f12\" data-element_type=\"widget\" data-widget_type=\"vroomiz-cta.default\">\n\t\t\t\t<div class=\"elementor-widget-container\">\n\t\t\t\t\t        <section class=\"vroomiz-cta-section\">\n            <div class=\"container\">\n                <h2 class=\"vroomiz-cta-title\">Pr\u00eat \u00e0 d\u00e9velopper votre activit\u00e9 ?<\/h2>\n                <p class=\"vroomiz-cta-subtitle\">Rejoignez le r\u00e9seau d\u00e8s aujourd&#039;hui<\/p>\n                <a href=\"#contactForm\"  class=\"vroomiz-cta-primary vroomiz-cta-large\">\n                    Demander \u00e0 \u00eatre rappel\u00e9 \u2192\n                <\/a>\n                <div class=\"vroomiz-cta-reassurance\">\n                                        <span class=\"vroomiz-cta-reassurance-item\">\n                        \u2713 Sans engagement                    <\/span>\n                                                            <span class=\"vroomiz-cta-reassurance-separator\">\u2022<\/span>\n                    <span class=\"vroomiz-cta-reassurance-item\">\n                        \u2713 R\u00e9ponse sous 24h                    <\/span>\n                                                            <span class=\"vroomiz-cta-reassurance-separator\">\u2022<\/span>\n                    <span class=\"vroomiz-cta-reassurance-item\">\n                        \u2713 Conseiller d\u00e9di\u00e9                    <\/span>\n                                    <\/div>\n            <\/div>\n        <\/section>\n        \t\t\t\t<\/div>\n\t\t\t\t<\/div>\n\t\t\t\t<\/div>\n\t\t\t\t<\/div>\n\t\t","protected":false},"excerpt":{"rendered":"","protected":false},"author":1,"featured_media":0,"parent":0,"menu_order":0,"comment_status":"closed","ping_status":"closed","template":"","meta":{"footnotes":""},"class_list":["post-5146","page","type-page","status-publish","hentry"],"_links":{"self":[{"href":"https:\/\/www.vroomiz.fr\/nous-rejoindre\/index.php\/wp-json\/wp\/v2\/pages\/5146","targetHints":{"allow":["GET"]}}],"collection":[{"href":"https:\/\/www.vroomiz.fr\/nous-rejoindre\/index.php\/wp-json\/wp\/v2\/pages"}],"about":[{"href":"https:\/\/www.vroomiz.fr\/nous-rejoindre\/index.php\/wp-json\/wp\/v2\/types\/page"}],"author":[{"embeddable":true,"href":"https:\/\/www.vroomiz.fr\/nous-rejoindre\/index.php\/wp-json\/wp\/v2\/users\/1"}],"replies":[{"embeddable":true,"href":"https:\/\/www.vroomiz.fr\/nous-rejoindre\/index.php\/wp-json\/wp\/v2\/comments?post=5146"}],"version-history":[{"count":0,"href":"https:\/\/www.vroomiz.fr\/nous-rejoindre\/index.php\/wp-json\/wp\/v2\/pages\/5146\/revisions"}],"wp:attachment":[{"href":"https:\/\/www.vroomiz.fr\/nous-rejoindre\/index.php\/wp-json\/wp\/v2\/media?parent=5146"}],"curies":[{"name":"wp","href":"https:\/\/api.w.org\/{rel}","templated":true}]}}